{"id":22825,"date":"2020-03-11T12:29:40","date_gmt":"2020-03-11T10:29:40","guid":{"rendered":"https:\/\/immonordzypern.com\/about-us\/"},"modified":"2023-02-24T13:03:13","modified_gmt":"2023-02-24T11:03:13","slug":"hakkimizda","status":"publish","type":"page","link":"https:\/\/immonordzypern.com\/tr\/hakkimizda\/","title":{"rendered":"Hakk\u0131m\u0131zda"},"content":{"rendered":"\t\t<div data-elementor-type=\"wp-page\" data-elementor-id=\"22825\" class=\"elementor elementor-22825 elementor-16277\" data-elementor-post-type=\"page\">\n\t\t\t\t\t\t<section class=\"elementor-section elementor-top-section elementor-element elementor-element-45115ca0 elementor-section-height-min-height animated-slow elementor-section-boxed elementor-section-height-default elementor-section-items-middle elementor-invisible\" data-id=\"45115ca0\" data-element_type=\"section\" data-settings=\"{&quot;background_background&quot;:&quot;classic&quot;,&quot;animation&quot;:&quot;fadeIn&quot;}\">\n\t\t\t\t\t\t\t<div class=\"elementor-background-overlay\"><\/div>\n\t\t\t\t\t\t\t<div class=\"elementor-container elementor-column-gap-default\">\n\t\t\t\t\t<div class=\"elementor-column elementor-col-100 elementor-top-column elementor-element elementor-element-1526ac2f\" data-id=\"1526ac2f\" data-element_type=\"column\">\n\t\t\t<div class=\"elementor-widget-wrap elementor-element-populated\">\n\t\t\t\t\t\t<div class=\"elementor-element elementor-element-537676f elementor-widget elementor-widget-heading\" data-id=\"537676f\" data-element_type=\"widget\" data-widget_type=\"heading.default\">\n\t\t\t\t<div class=\"elementor-widget-container\">\n\t\t\t\t\t<h1 class=\"elementor-heading-title elementor-size-default\">Hakk\u0131m\u0131zda<\/h1>\t\t\t\t<\/div>\n\t\t\t\t<\/div>\n\t\t\t\t\t<\/div>\n\t\t<\/div>\n\t\t\t\t\t<\/div>\n\t\t<\/section>\n\t\t\t\t<section class=\"elementor-section elementor-top-section elementor-element elementor-element-6c661608 elementor-section-boxed elementor-section-height-default elementor-section-height-default\" data-id=\"6c661608\" data-element_type=\"section\" data-settings=\"{&quot;background_background&quot;:&quot;classic&quot;}\">\n\t\t\t\t\t\t<div class=\"elementor-container elementor-column-gap-default\">\n\t\t\t\t\t<div class=\"elementor-column elementor-col-100 elementor-top-column elementor-element elementor-element-2331cb98\" data-id=\"2331cb98\" data-element_type=\"column\">\n\t\t\t<div class=\"elementor-widget-wrap elementor-element-populated\">\n\t\t\t\t\t\t<div class=\"elementor-element elementor-element-308600b9 elementor-widget elementor-widget-spacer\" data-id=\"308600b9\" data-element_type=\"widget\" data-widget_type=\"spacer.default\">\n\t\t\t\t<div class=\"elementor-widget-container\">\n\t\t\t\t\t\t\t<div class=\"elementor-spacer\">\n\t\t\t<div class=\"elementor-spacer-inner\"><\/div>\n\t\t<\/div>\n\t\t\t\t\t\t<\/div>\n\t\t\t\t<\/div>\n\t\t\t\t<div class=\"elementor-element elementor-element-7fc37497 animated-slow elementor-invisible elementor-widget elementor-widget-houzez_elementor_section_title\" data-id=\"7fc37497\" data-element_type=\"widget\" data-settings=\"{&quot;_animation&quot;:&quot;fadeIn&quot;}\" data-widget_type=\"houzez_elementor_section_title.default\">\n\t\t\t\t<div class=\"elementor-widget-container\">\n\t\t\t\t\t            <div class=\"houzez_section_title_wrap section-title-module\">\n                                    <h2 class=\"houzez_section_title\">Immonordzypern.com'a ho\u015f geldiniz\n<\/h2>\n                \n                            <\/div>\n            \t\t\t\t<\/div>\n\t\t\t\t<\/div>\n\t\t\t\t<div class=\"elementor-element elementor-element-64f26879 elementor-widget elementor-widget-text-editor\" data-id=\"64f26879\" data-element_type=\"widget\" data-widget_type=\"text-editor.default\">\n\t\t\t\t<div class=\"elementor-widget-container\">\n\t\t\t\t\t\t\t\t\t<p>G\u00fczel Kuzey K\u0131br\u0131s&#8217;ta emlak al\u0131m sat\u0131m\u0131 i\u00e7in birincil kayna\u011f\u0131n\u0131z olan <strong>Immo Nord Zypern<\/strong>&#8216;e ho\u015f geldiniz.<\/p><p>Ekibimiz, m\u00fc\u015fterilerimizin bu e\u015fsiz ve canl\u0131 b\u00f6lgede hayallerindeki evleri bulmalar\u0131na yard\u0131mc\u0131 olma konusunda tutkulu olan deneyimli, bilgili profesyonellerden olu\u015fmaktad\u0131r. Yerel pazar hakk\u0131nda derin bir anlay\u0131\u015fa sahibiz ve kendimizi en \u00fcst d\u00fczeyde m\u00fc\u015fteri hizmeti sa\u011flamaya adad\u0131k.<\/p><p>Immo Nord Zypern&#8217;de m\u00fc\u015fterilerimizle uzun vadeli ili\u015fkiler kurmaya inan\u0131yoruz. Bireysel ihtiya\u00e7lar\u0131n\u0131z\u0131 ve tercihlerinizi anlamak i\u00e7in zaman ay\u0131r\u0131yoruz ve t\u00fcm ihtiya\u00e7lar\u0131n\u0131z\u0131 kar\u015f\u0131layan m\u00fckemmel m\u00fclk\u00fc bulmak i\u00e7in sizinle yak\u0131n bir \u015fekilde \u00e7al\u0131\u015f\u0131yoruz.<\/p><p>Kuzey K\u0131br\u0131s&#8217;ta bir tatil evi sat\u0131n almak, kiral\u0131k bir m\u00fclke yat\u0131r\u0131m yapmak veya \u00f6m\u00fcrl\u00fck evinizi bulmak istiyorsan\u0131z, bizde herkes i\u00e7in bir \u015feyler var. Zengin portf\u00f6y\u00fcm\u00fcz, deniz manzaral\u0131 muhte\u015fem villalardan \u015fehrin kalbindeki b\u00fcy\u00fcleyici dairelere kadar \u00e7ok \u00e7e\u015fitli m\u00fclkleri i\u00e7ermektedir.<\/p><p>Gayrimenkul ihtiya\u00e7lar\u0131n\u0131z i\u00e7in Immo Nord Zypern&#8217;i d\u00fc\u015f\u00fcnd\u00fc\u011f\u00fcn\u00fcz i\u00e7in te\u015fekk\u00fcr ederiz. Kuzey K\u0131br\u0131s&#8217;ta m\u00fckemmel evinizi bulman\u0131za yard\u0131m etmeyi d\u00f6rt g\u00f6zle bekliyoruz.<\/p>\t\t\t\t\t\t\t\t<\/div>\n\t\t\t\t<\/div>\n\t\t\t\t<div class=\"elementor-element elementor-element-5f34c0dd elementor-widget elementor-widget-spacer\" data-id=\"5f34c0dd\" data-element_type=\"widget\" data-widget_type=\"spacer.default\">\n\t\t\t\t<div class=\"elementor-widget-container\">\n\t\t\t\t\t\t\t<div class=\"elementor-spacer\">\n\t\t\t<div class=\"elementor-spacer-inner\"><\/div>\n\t\t<\/div>\n\t\t\t\t\t\t<\/div>\n\t\t\t\t<\/div>\n\t\t\t\t\t<\/div>\n\t\t<\/div>\n\t\t\t\t\t<\/div>\n\t\t<\/section>\n\t\t\t\t<\/div>\n\t\t","protected":false},"excerpt":{"rendered":"<p>Hakk\u0131m\u0131zda Immonordzypern.com&#8217;a ho\u015f geldiniz G\u00fczel Kuzey K\u0131br\u0131s&#8217;ta emlak al\u0131m sat\u0131m\u0131 i\u00e7in birincil kayna\u011f\u0131n\u0131z olan Immo Nord Zypern&#8216;e ho\u015f geldiniz. Ekibimiz, m\u00fc\u015fterilerimizin bu e\u015fsiz ve canl\u0131 b\u00f6lgede hayallerindeki evleri bulmalar\u0131na yard\u0131mc\u0131 olma konusunda tutkulu olan deneyimli, bilgili profesyonellerden olu\u015fmaktad\u0131r. Yerel pazar hakk\u0131nda derin bir anlay\u0131\u015fa sahibiz ve kendimizi en \u00fcst d\u00fczeyde m\u00fc\u015fteri hizmeti sa\u011flamaya adad\u0131k. Immo [&hellip;]<\/p>\n","protected":false},"author":1,"featured_media":0,"parent":0,"menu_order":0,"comment_status":"closed","ping_status":"closed","template":"template\/template-homepage.php","meta":{"footnotes":""},"class_list":["post-22825","page","type-page","status-publish","hentry"],"_links":{"self":[{"href":"https:\/\/immonordzypern.com\/tr\/wp-json\/wp\/v2\/pages\/22825","targetHints":{"allow":["GET"]}}],"collection":[{"href":"https:\/\/immonordzypern.com\/tr\/wp-json\/wp\/v2\/pages"}],"about":[{"href":"https:\/\/immonordzypern.com\/tr\/wp-json\/wp\/v2\/types\/page"}],"author":[{"embeddable":true,"href":"https:\/\/immonordzypern.com\/tr\/wp-json\/wp\/v2\/users\/1"}],"replies":[{"embeddable":true,"href":"https:\/\/immonordzypern.com\/tr\/wp-json\/wp\/v2\/comments?post=22825"}],"version-history":[{"count":0,"href":"https:\/\/immonordzypern.com\/tr\/wp-json\/wp\/v2\/pages\/22825\/revisions"}],"wp:attachment":[{"href":"https:\/\/immonordzypern.com\/tr\/wp-json\/wp\/v2\/media?parent=22825"}],"curies":[{"name":"wp","href":"https:\/\/api.w.org\/{rel}","templated":true}]}}