{"id":22824,"date":"2020-03-11T12:29:40","date_gmt":"2020-03-11T10:29:40","guid":{"rendered":"https:\/\/immonordzypern.com\/about-us\/"},"modified":"2023-02-24T15:16:33","modified_gmt":"2023-02-24T13:16:33","slug":"uber-uns","status":"publish","type":"page","link":"https:\/\/immonordzypern.com\/de\/uber-uns\/","title":{"rendered":"\u00dcber Uns"},"content":{"rendered":"\t\t<div data-elementor-type=\"wp-page\" data-elementor-id=\"22824\" class=\"elementor elementor-22824 elementor-16277\" data-elementor-post-type=\"page\">\n\t\t\t\t\t\t<section class=\"elementor-section elementor-top-section elementor-element elementor-element-45115ca0 elementor-section-height-min-height animated-slow elementor-section-boxed elementor-section-height-default elementor-section-items-middle elementor-invisible\" data-id=\"45115ca0\" data-element_type=\"section\" data-settings=\"{&quot;background_background&quot;:&quot;classic&quot;,&quot;animation&quot;:&quot;fadeIn&quot;}\">\n\t\t\t\t\t\t\t<div class=\"elementor-background-overlay\"><\/div>\n\t\t\t\t\t\t\t<div class=\"elementor-container elementor-column-gap-default\">\n\t\t\t\t\t<div class=\"elementor-column elementor-col-100 elementor-top-column elementor-element elementor-element-1526ac2f\" data-id=\"1526ac2f\" data-element_type=\"column\">\n\t\t\t<div class=\"elementor-widget-wrap elementor-element-populated\">\n\t\t\t\t\t\t<div class=\"elementor-element elementor-element-537676f elementor-widget elementor-widget-heading\" data-id=\"537676f\" data-element_type=\"widget\" data-widget_type=\"heading.default\">\n\t\t\t\t<div class=\"elementor-widget-container\">\n\t\t\t\t\t<h1 class=\"elementor-heading-title elementor-size-default\">\u00dcber Uns<\/h1>\t\t\t\t<\/div>\n\t\t\t\t<\/div>\n\t\t\t\t\t<\/div>\n\t\t<\/div>\n\t\t\t\t\t<\/div>\n\t\t<\/section>\n\t\t\t\t<section class=\"elementor-section elementor-top-section elementor-element elementor-element-6c661608 elementor-section-boxed elementor-section-height-default elementor-section-height-default\" data-id=\"6c661608\" data-element_type=\"section\" data-settings=\"{&quot;background_background&quot;:&quot;classic&quot;}\">\n\t\t\t\t\t\t<div class=\"elementor-container elementor-column-gap-default\">\n\t\t\t\t\t<div class=\"elementor-column elementor-col-100 elementor-top-column elementor-element elementor-element-2331cb98\" data-id=\"2331cb98\" data-element_type=\"column\">\n\t\t\t<div class=\"elementor-widget-wrap elementor-element-populated\">\n\t\t\t\t\t\t<div class=\"elementor-element elementor-element-308600b9 elementor-widget elementor-widget-spacer\" data-id=\"308600b9\" data-element_type=\"widget\" data-widget_type=\"spacer.default\">\n\t\t\t\t<div class=\"elementor-widget-container\">\n\t\t\t\t\t\t\t<div class=\"elementor-spacer\">\n\t\t\t<div class=\"elementor-spacer-inner\"><\/div>\n\t\t<\/div>\n\t\t\t\t\t\t<\/div>\n\t\t\t\t<\/div>\n\t\t\t\t<div class=\"elementor-element elementor-element-7fc37497 animated-slow elementor-invisible elementor-widget elementor-widget-houzez_elementor_section_title\" data-id=\"7fc37497\" data-element_type=\"widget\" data-settings=\"{&quot;_animation&quot;:&quot;fadeIn&quot;}\" data-widget_type=\"houzez_elementor_section_title.default\">\n\t\t\t\t<div class=\"elementor-widget-container\">\n\t\t\t\t\t            <div class=\"houzez_section_title_wrap section-title-module\">\n                                    <h2 class=\"houzez_section_title\">Willkommen bei ImmoNordZypern.com\n<\/h2>\n                \n                            <\/div>\n            \t\t\t\t<\/div>\n\t\t\t\t<\/div>\n\t\t\t\t<div class=\"elementor-element elementor-element-64f26879 elementor-widget elementor-widget-text-editor\" data-id=\"64f26879\" data-element_type=\"widget\" data-widget_type=\"text-editor.default\">\n\t\t\t\t<div class=\"elementor-widget-container\">\n\t\t\t\t\t\t\t\t\t<p>Willkommen bei <strong>Immo Nord Zypern<\/strong>, Ihrer f\u00fchrenden Quelle f\u00fcr den Kauf und Verkauf von Immobilien im sch\u00f6nen Nordzypern.<\/p><p>Unser Team besteht aus erfahrenen, sachkundigen Fachleuten, die unseren Kunden leidenschaftlich dabei helfen, ihre Traumh\u00e4user in dieser einzigartigen und pulsierenden Region zu finden. Wir haben ein tiefes Verst\u00e4ndnis f\u00fcr den lokalen Markt und sind bestrebt, ein H\u00f6chstma\u00df an Kundenservice zu bieten.<\/p><p>Bei Immo Nord Zypern glauben wir an den Aufbau langfristiger Beziehungen zu unseren Kunden. Wir nehmen uns die Zeit, Ihre individuellen Bed\u00fcrfnisse und Vorlieben zu verstehen und arbeiten eng mit Ihnen zusammen, um die perfekte Immobilie zu finden, die all Ihren Anforderungen entspricht.<\/p><p>Egal, ob Sie ein Ferienhaus kaufen, in ein Mietobjekt investieren oder Ihr Zuhause f\u00fcr immer in Nordzypern finden m\u00f6chten, wir haben f\u00fcr jeden etwas zu bieten. Unser vielf\u00e4ltiges Portfolio umfasst eine gro\u00dfe Auswahl an Immobilien, von atemberaubenden Villen mit Meerblick bis hin zu charmanten Apartments im Herzen der Stadt.<\/p><p>Vielen Dank, dass Sie Immo Nord Zypern f\u00fcr Ihre Immobilienbed\u00fcrfnisse in Betracht gezogen haben. Wir freuen uns darauf, Ihnen zu helfen, Ihr perfektes Zuhause in Nordzypern zu finden.<\/p>\t\t\t\t\t\t\t\t<\/div>\n\t\t\t\t<\/div>\n\t\t\t\t<div class=\"elementor-element elementor-element-5f34c0dd elementor-widget elementor-widget-spacer\" data-id=\"5f34c0dd\" data-element_type=\"widget\" data-widget_type=\"spacer.default\">\n\t\t\t\t<div class=\"elementor-widget-container\">\n\t\t\t\t\t\t\t<div class=\"elementor-spacer\">\n\t\t\t<div class=\"elementor-spacer-inner\"><\/div>\n\t\t<\/div>\n\t\t\t\t\t\t<\/div>\n\t\t\t\t<\/div>\n\t\t\t\t\t<\/div>\n\t\t<\/div>\n\t\t\t\t\t<\/div>\n\t\t<\/section>\n\t\t\t\t<\/div>\n\t\t","protected":false},"excerpt":{"rendered":"<p>\u00dcber Uns Willkommen bei ImmoNordZypern.com Willkommen bei Immo Nord Zypern, Ihrer f\u00fchrenden Quelle f\u00fcr den Kauf und Verkauf von Immobilien im sch\u00f6nen Nordzypern. Unser Team besteht aus erfahrenen, sachkundigen Fachleuten, die unseren Kunden leidenschaftlich dabei helfen, ihre Traumh\u00e4user in dieser einzigartigen und pulsierenden Region zu finden. Wir haben ein tiefes Verst\u00e4ndnis f\u00fcr den lokalen Markt [&hellip;]<\/p>\n","protected":false},"author":1,"featured_media":0,"parent":0,"menu_order":0,"comment_status":"closed","ping_status":"closed","template":"template\/template-homepage.php","meta":{"footnotes":""},"class_list":["post-22824","page","type-page","status-publish","hentry"],"_links":{"self":[{"href":"https:\/\/immonordzypern.com\/de\/wp-json\/wp\/v2\/pages\/22824","targetHints":{"allow":["GET"]}}],"collection":[{"href":"https:\/\/immonordzypern.com\/de\/wp-json\/wp\/v2\/pages"}],"about":[{"href":"https:\/\/immonordzypern.com\/de\/wp-json\/wp\/v2\/types\/page"}],"author":[{"embeddable":true,"href":"https:\/\/immonordzypern.com\/de\/wp-json\/wp\/v2\/users\/1"}],"replies":[{"embeddable":true,"href":"https:\/\/immonordzypern.com\/de\/wp-json\/wp\/v2\/comments?post=22824"}],"version-history":[{"count":0,"href":"https:\/\/immonordzypern.com\/de\/wp-json\/wp\/v2\/pages\/22824\/revisions"}],"wp:attachment":[{"href":"https:\/\/immonordzypern.com\/de\/wp-json\/wp\/v2\/media?parent=22824"}],"curies":[{"name":"wp","href":"https:\/\/api.w.org\/{rel}","templated":true}]}}